{"id":376,"date":"2023-12-30T15:31:56","date_gmt":"2023-12-30T15:31:56","guid":{"rendered":"https:\/\/maifrens.com\/?page_id=376"},"modified":"2024-02-14T20:07:47","modified_gmt":"2024-02-14T20:07:47","slug":"sucursales","status":"publish","type":"page","link":"https:\/\/maifrens.com\/index.php\/sucursales\/","title":{"rendered":"Sucursales"},"content":{"rendered":"<h2>Contamos con estas sucursales<\/h2>\n<p>&nbsp;<\/p>\n<p><b>Tel\u00e9fono:<\/b> 33 2592 1029<\/p>\n<h2 style=\"text-align: center;\">Guadalajara<\/h2>\n<h4 style=\"text-align: center;\">Mar\u00eda Guadalupe Mart\u00ednez De Hern\u00e1ndez Loza #3031, Col. San Jos\u00e9 R\u00edo Verde, C.P.44726, Guadalajara, Jalisco.<\/h4>\n<p><iframe loading=\"lazy\" style=\"border: 0;\" src=\"https:\/\/www.google.com\/maps\/embed?pb=!1m14!1m8!1m3!1d14929.642277704806!2d-103.28003400000001!3d20.693546!3m2!1i1024!2i768!4f13.1!3m3!1m2!1s0x8428b14790406113%3A0xe980e07893980a21!2sC.%20Ma.%20Gpe.%20Mtz.%20de%20Hdez%20Loza%203031%2C%20San%20Jos%C3%A9%20R%C3%ADo%20Verde%2C%2044726%20Guadalajara%2C%20Jal.!5e0!3m2!1ses-419!2smx!4v1703950294134!5m2!1ses-419!2smx\" width=\"1500\" height=\"450\" allowfullscreen=\"allowfullscreen\"><\/iframe><\/p>\n<hr \/>\n<h2 style=\"text-align: center;\">Agua Caliente<\/h2>\n<h4 style=\"text-align: center;\">Agua Caliente Nueva, Jalisco.<\/h4>\n<p><iframe loading=\"lazy\" style=\"border: 0;\" src=\"https:\/\/www.google.com\/maps\/embed?pb=!1m14!1m8!1m3!1d481837.7203260999!2d-105.3280007!3d19.3536805!3m2!1i1024!2i768!4f13.1!3m3!1m2!1s0x842499e93a2c5e6b%3A0x8d828ffbf967340a!2sSurtidora%20de%20ropa%20maifrens!5e0!3m2!1ses-419!2smx!4v1704224993406!5m2!1ses-419!2smx\" width=\"1500\" height=\"450\" allowfullscreen=\"allowfullscreen\"><\/iframe><\/p>\n<hr \/>\n<h2 style=\"text-align: center;\">Minatitl\u00e1n<\/h2>\n<h4 style=\"text-align: center;\">C. Ju\u00e1rez 40, Centro, 28750 Minatitl\u00e1n, Colima.<\/h4>\n<p><iframe loading=\"lazy\" style=\"border: 0;\" src=\"https:\/\/www.google.com\/maps\/embed?pb=!1m14!1m8!1m3!1d481740.83411647985!2d-104.6592635!3d19.3864536!3m2!1i1024!2i768!4f13.1!3m3!1m2!1s0x84253d76475a4791%3A0x80a5984401656ce6!2sSurtidora%20Maifrens!5e0!3m2!1ses-419!2smx!4v1704225170518!5m2!1ses-419!2smx\" width=\"1500\" height=\"450\" allowfullscreen=\"allowfullscreen\"><\/iframe><\/p>\n<hr \/>\n<h2 style=\"text-align: center;\">Puerto Vallarta<\/h2>\n<h4 style=\"text-align: center;\">Emiliano Zapata 118, Centro Pitillal, C.P.48290, Puerto Vallarta, Jalisco.<\/h4>\n<p><iframe loading=\"lazy\" style=\"border: 0;\" src=\"https:\/\/www.google.com\/maps\/embed?pb=!1m14!1m8!1m3!1d1911536.5688132907!2d-107.6581192!3d20.6504548!3m2!1i1024!2i768!4f13.1!3m3!1m2!1s0x84214fc258799c5b%3A0x150bbff57a0d5d4!2sSurtidora%20Maifrens!5e0!3m2!1ses-419!2smx!4v1704225283493!5m2!1ses-419!2smx\" width=\"1500\" height=\"450\" allowfullscreen=\"allowfullscreen\"><\/iframe><\/p>\n<hr \/>\n<h2 style=\"text-align: center;\">La Huerta<\/h2>\n<h4 style=\"text-align: center;\">Centro, La Huerta, Jalisco.<\/h4>\n<p><iframe loading=\"lazy\" style=\"border: 0;\" src=\"https:\/\/www.google.com\/maps\/embed?pb=!1m14!1m8!1m3!1d1911536.5688132907!2d-107.6581192!3d20.6504548!3m2!1i1024!2i768!4f13.1!3m3!1m2!1s0x8424ecdbc2cdb051%3A0x96caa17d36f5df38!2sSurtidora%20De%20Ropa%20Maifrens!5e0!3m2!1ses-419!2smx!4v1704225406533!5m2!1ses-419!2smx\" width=\"1500\" height=\"450\" allowfullscreen=\"allowfullscreen\"><\/iframe><\/p>\n<hr \/>\n<h2 style=\"text-align: center;\">Cuautitl\u00e1n de Garc\u00eda Barrag\u00e1n<\/h2>\n<h4 style=\"text-align: center;\">C. Ju\u00e1rez, Calle Gral. Gargia Barrag\u00e1n 46, C.P. 48950, Cuautitl\u00e1n de Garc\u00eda Barrag\u00e1n, Jalisco.<\/h4>\n<p><iframe loading=\"lazy\" style=\"border: 0;\" src=\"https:\/\/www.google.com\/maps\/embed?pb=!1m14!1m8!1m3!1d1911536.5688132907!2d-107.6581192!3d20.6504548!3m2!1i1024!2i768!4f13.1!3m3!1m2!1s0x8424e1403707c075%3A0xb21a598251645a41!2sSurtidora%20Maifrens!5e0!3m2!1ses-419!2smx!4v1704225480515!5m2!1ses-419!2smx\" width=\"1500\" height=\"450\" allowfullscreen=\"allowfullscreen\"><\/iframe><\/p>\n<hr \/>\n<h2 style=\"text-align: center;\">Cihuatl\u00e1n<\/h2>\n<h4 style=\"text-align: center;\">Guerrero 2, Centro, C.P. 48970, Cihuatl\u00e1n, Jalisco.<\/h4>\n<p><iframe loading=\"lazy\" style=\"border: 0;\" src=\"https:\/\/www.google.com\/maps\/embed?pb=!1m14!1m8!1m3!1d1924505.1096199318!2d-106.5704727!3d19.5931083!3m2!1i1024!2i768!4f13.1!3m3!1m2!1s0x8424c5c9fb3eb9e9%3A0x380f9de2d7e27ab0!2sSurtidora%20Maifrens!5e0!3m2!1ses-419!2smx!4v1704225560066!5m2!1ses-419!2smx\" width=\"1500\" height=\"450\" allowfullscreen=\"allowfullscreen\"><\/iframe><\/p>\n<hr \/>\n<h2 style=\"text-align: center;\">Manzanillo<\/h2>\n<h4 style=\"text-align: center;\">Av. M\u00e9xico 224, Centro Hist\u00f3rico, C.P. 28200, Manzanillo, Colima.<\/h4>\n<p><iframe loading=\"lazy\" style=\"border: 0;\" src=\"https:\/\/www.google.com\/maps\/embed?pb=!1m14!1m8!1m3!1d1924505.1096199318!2d-106.5704727!3d19.5931083!3m2!1i1024!2i768!4f13.1!3m3!1m2!1s0x8424d517e3686b67%3A0x3c876976cd7d9d5!2sSurtidora%20Maifrens!5e0!3m2!1ses-419!2smx!4v1704225679275!5m2!1ses-419!2smx\" width=\"1500\" height=\"450\" allowfullscreen=\"allowfullscreen\"><\/iframe><\/p>\n<h4 style=\"text-align: center;\"><\/h4>\n","protected":false},"excerpt":{"rendered":"<p>Contamos con estas sucursales &nbsp; Tel\u00e9fono: 33 2592 1029 Guadalajara Mar\u00eda Guadalupe Mart\u00ednez De Hern\u00e1ndez Loza #3031, Col. San Jos\u00e9 R\u00edo Verde, C.P.44726, Guadalajara, Jalisco. Agua Caliente Agua Caliente Nueva, Jalisco. Minatitl\u00e1n C. Ju\u00e1rez 40, Centro, 28750 Minatitl\u00e1n, Colima. Puerto Vallarta Emiliano Zapata 118, Centro Pitillal, C.P.48290, Puerto Vallarta, Jalisco. La Huerta Centro, La Huerta, &hellip; <\/p>\n","protected":false},"author":1,"featured_media":0,"parent":0,"menu_order":0,"comment_status":"closed","ping_status":"closed","template":"","meta":{"footnotes":""},"class_list":["post-376","page","type-page","status-publish","hentry"],"_links":{"self":[{"href":"https:\/\/maifrens.com\/index.php\/wp-json\/wp\/v2\/pages\/376","targetHints":{"allow":["GET"]}}],"collection":[{"href":"https:\/\/maifrens.com\/index.php\/wp-json\/wp\/v2\/pages"}],"about":[{"href":"https:\/\/maifrens.com\/index.php\/wp-json\/wp\/v2\/types\/page"}],"author":[{"embeddable":true,"href":"https:\/\/maifrens.com\/index.php\/wp-json\/wp\/v2\/users\/1"}],"replies":[{"embeddable":true,"href":"https:\/\/maifrens.com\/index.php\/wp-json\/wp\/v2\/comments?post=376"}],"version-history":[{"count":8,"href":"https:\/\/maifrens.com\/index.php\/wp-json\/wp\/v2\/pages\/376\/revisions"}],"predecessor-version":[{"id":406,"href":"https:\/\/maifrens.com\/index.php\/wp-json\/wp\/v2\/pages\/376\/revisions\/406"}],"wp:attachment":[{"href":"https:\/\/maifrens.com\/index.php\/wp-json\/wp\/v2\/media?parent=376"}],"curies":[{"name":"wp","href":"https:\/\/api.w.org\/{rel}","templated":true}]}}