{"id":1106,"date":"2024-07-22T20:22:34","date_gmt":"2024-07-22T20:22:34","guid":{"rendered":"https:\/\/maifrens.com\/?post_type=product&#038;p=1106"},"modified":"2024-09-04T01:39:00","modified_gmt":"2024-09-04T01:39:00","slug":"boxer-rose-girl","status":"publish","type":"product","link":"https:\/\/maifrens.com\/index.php\/producto\/boxer-rose-girl\/","title":{"rendered":"BOXER ROSE GIRL"},"content":{"rendered":"<ul>\n<li>B\u00f3xer de caballero<\/li>\n<li>Poli\u00e9ster y algod\u00f3n<\/li>\n<li>B\u00f3xer corto<\/li>\n<li>Dise\u00f1o franjas laterales<\/li>\n<li>Resorte ancho<\/li>\n<li>Variedad de colores<\/li>\n<\/ul>\n<p>&nbsp;<\/p>\n<p>POR EL MOMENTO S\u00d3LO EXISTENCIA EN TIENDAS<\/p>\n","protected":false},"excerpt":{"rendered":"<p>B\u00f3xer de caballero Poli\u00e9ster y algod\u00f3n B\u00f3xer corto Dise\u00f1o franjas laterales Resorte ancho Variedad de colores &nbsp; POR EL MOMENTO S\u00d3LO EXISTENCIA EN TIENDAS<\/p>\n","protected":false},"featured_media":1149,"comment_status":"open","ping_status":"closed","template":"","meta":[],"product_cat":[23,24],"product_tag":[],"class_list":["post-1106","product","type-product","status-publish","has-post-thumbnail","hentry","product_cat-caballeros","product_cat-ropa-interior-caballeros"],"_links":{"self":[{"href":"https:\/\/maifrens.com\/index.php\/wp-json\/wp\/v2\/product\/1106","targetHints":{"allow":["GET"]}}],"collection":[{"href":"https:\/\/maifrens.com\/index.php\/wp-json\/wp\/v2\/product"}],"about":[{"href":"https:\/\/maifrens.com\/index.php\/wp-json\/wp\/v2\/types\/product"}],"replies":[{"embeddable":true,"href":"https:\/\/maifrens.com\/index.php\/wp-json\/wp\/v2\/comments?post=1106"}],"wp:featuredmedia":[{"embeddable":true,"href":"https:\/\/maifrens.com\/index.php\/wp-json\/wp\/v2\/media\/1149"}],"wp:attachment":[{"href":"https:\/\/maifrens.com\/index.php\/wp-json\/wp\/v2\/media?parent=1106"}],"wp:term":[{"taxonomy":"product_cat","embeddable":true,"href":"https:\/\/maifrens.com\/index.php\/wp-json\/wp\/v2\/product_cat?post=1106"},{"taxonomy":"product_tag","embeddable":true,"href":"https:\/\/maifrens.com\/index.php\/wp-json\/wp\/v2\/product_tag?post=1106"}],"curies":[{"name":"wp","href":"https:\/\/api.w.org\/{rel}","templated":true}]}}