{"id":1161,"date":"2024-07-23T01:43:13","date_gmt":"2024-07-23T01:43:13","guid":{"rendered":"https:\/\/maifrens.com\/?post_type=product&#038;p=1161"},"modified":"2024-07-23T01:43:13","modified_gmt":"2024-07-23T01:43:13","slug":"blusa","status":"publish","type":"product","link":"https:\/\/maifrens.com\/index.php\/producto\/blusa\/","title":{"rendered":"BLUSA"},"content":{"rendered":"<ul>\n<li>Blusa de mujer<\/li>\n<li>Cuello redondo<\/li>\n<li>Manga corta<\/li>\n<li>Plises en la manga a la altura del hombro<\/li>\n<li>Tela fresca<\/li>\n<li>Tela poli\u00e9ster y algod\u00f3n<\/li>\n<li>variedad de colores<\/li>\n<\/ul>\n<p>&nbsp;<\/p>\n<p>&nbsp;<\/p>\n<p>POR EL MOMENTO S\u00d3LO EXISTENCIA EN TIENDAS<\/p>\n","protected":false},"excerpt":{"rendered":"<p>Blusa de mujer Cuello redondo Manga corta Plises en la manga a la altura del hombro Tela fresca Tela poli\u00e9ster y algod\u00f3n variedad de colores &nbsp; &nbsp; POR EL MOMENTO S\u00d3LO EXISTENCIA EN TIENDAS<\/p>\n","protected":false},"featured_media":1170,"comment_status":"open","ping_status":"closed","template":"","meta":[],"product_cat":[18],"product_tag":[],"class_list":["post-1161","product","type-product","status-publish","has-post-thumbnail","hentry","product_cat-damas"],"_links":{"self":[{"href":"https:\/\/maifrens.com\/index.php\/wp-json\/wp\/v2\/product\/1161","targetHints":{"allow":["GET"]}}],"collection":[{"href":"https:\/\/maifrens.com\/index.php\/wp-json\/wp\/v2\/product"}],"about":[{"href":"https:\/\/maifrens.com\/index.php\/wp-json\/wp\/v2\/types\/product"}],"replies":[{"embeddable":true,"href":"https:\/\/maifrens.com\/index.php\/wp-json\/wp\/v2\/comments?post=1161"}],"wp:featuredmedia":[{"embeddable":true,"href":"https:\/\/maifrens.com\/index.php\/wp-json\/wp\/v2\/media\/1170"}],"wp:attachment":[{"href":"https:\/\/maifrens.com\/index.php\/wp-json\/wp\/v2\/media?parent=1161"}],"wp:term":[{"taxonomy":"product_cat","embeddable":true,"href":"https:\/\/maifrens.com\/index.php\/wp-json\/wp\/v2\/product_cat?post=1161"},{"taxonomy":"product_tag","embeddable":true,"href":"https:\/\/maifrens.com\/index.php\/wp-json\/wp\/v2\/product_tag?post=1161"}],"curies":[{"name":"wp","href":"https:\/\/api.w.org\/{rel}","templated":true}]}}