{"id":1180,"date":"2024-07-25T15:14:19","date_gmt":"2024-07-25T15:14:19","guid":{"rendered":"https:\/\/maifrens.com\/?post_type=product&#038;p=1180"},"modified":"2024-07-25T15:52:19","modified_gmt":"2024-07-25T15:52:19","slug":"malla","status":"publish","type":"product","link":"https:\/\/maifrens.com\/index.php\/producto\/malla\/","title":{"rendered":"MALLA"},"content":{"rendered":"<ul>\n<li>MALLA PARA DAMA<\/li>\n<li>TIRO ALTO<\/li>\n<li>LARGA<\/li>\n<li>TELA ESPANDEX<\/li>\n<li>IMITACI\u00d3N ESTILO MEZCLILLA<\/li>\n<li>IMITACI\u00d3N DE RASGADURA<\/li>\n<li>CERO COSTURAS<\/li>\n<li>ORMA PERFECTAMENTE T\u00da CUERPO<\/li>\n<\/ul>\n<p>&nbsp;<\/p>\n<p>POR EL MOMENTO S\u00d3LO EXISTENCIA EN TIENDAS<\/p>\n","protected":false},"excerpt":{"rendered":"<p>MALLA PARA DAMA TIRO ALTO LARGA TELA ESPANDEX IMITACI\u00d3N ESTILO MEZCLILLA IMITACI\u00d3N DE RASGADURA CERO COSTURAS ORMA PERFECTAMENTE T\u00da CUERPO &nbsp; POR EL MOMENTO S\u00d3LO EXISTENCIA EN TIENDAS<\/p>\n","protected":false},"featured_media":1175,"comment_status":"open","ping_status":"closed","template":"","meta":[],"product_cat":[18],"product_tag":[],"class_list":["post-1180","product","type-product","status-publish","has-post-thumbnail","hentry","product_cat-damas"],"_links":{"self":[{"href":"https:\/\/maifrens.com\/index.php\/wp-json\/wp\/v2\/product\/1180","targetHints":{"allow":["GET"]}}],"collection":[{"href":"https:\/\/maifrens.com\/index.php\/wp-json\/wp\/v2\/product"}],"about":[{"href":"https:\/\/maifrens.com\/index.php\/wp-json\/wp\/v2\/types\/product"}],"replies":[{"embeddable":true,"href":"https:\/\/maifrens.com\/index.php\/wp-json\/wp\/v2\/comments?post=1180"}],"wp:featuredmedia":[{"embeddable":true,"href":"https:\/\/maifrens.com\/index.php\/wp-json\/wp\/v2\/media\/1175"}],"wp:attachment":[{"href":"https:\/\/maifrens.com\/index.php\/wp-json\/wp\/v2\/media?parent=1180"}],"wp:term":[{"taxonomy":"product_cat","embeddable":true,"href":"https:\/\/maifrens.com\/index.php\/wp-json\/wp\/v2\/product_cat?post=1180"},{"taxonomy":"product_tag","embeddable":true,"href":"https:\/\/maifrens.com\/index.php\/wp-json\/wp\/v2\/product_tag?post=1180"}],"curies":[{"name":"wp","href":"https:\/\/api.w.org\/{rel}","templated":true}]}}