{"id":1194,"date":"2024-07-25T17:25:53","date_gmt":"2024-07-25T17:25:53","guid":{"rendered":"https:\/\/maifrens.com\/?post_type=product&#038;p=1194"},"modified":"2024-07-25T17:25:54","modified_gmt":"2024-07-25T17:25:54","slug":"boddy-sexy","status":"publish","type":"product","link":"https:\/\/maifrens.com\/index.php\/producto\/boddy-sexy\/","title":{"rendered":"BODDY SEXY"},"content":{"rendered":"<ul>\n<li>BODDY SEXY DE RED<\/li>\n<li>DIAMANTES DE IMITAC\u00d3N<\/li>\n<li>SIN MANGA<\/li>\n<li>ESTILO VESTIDO<\/li>\n<li>SIN COSTURAS<\/li>\n<li>DISE\u00d1O POR LOS COSTADOS DE GUIA FLORAL<\/li>\n<\/ul>\n<p>&nbsp;<\/p>\n<p>POR EL MOMENTO S\u00d3LO EXISTENCIA EN TIENDAS<\/p>\n","protected":false},"excerpt":{"rendered":"<p>BODDY SEXY DE RED DIAMANTES DE IMITAC\u00d3N SIN MANGA ESTILO VESTIDO SIN COSTURAS DISE\u00d1O POR LOS COSTADOS DE GUIA FLORAL &nbsp; POR EL MOMENTO S\u00d3LO EXISTENCIA EN TIENDAS<\/p>\n","protected":false},"featured_media":1196,"comment_status":"open","ping_status":"closed","template":"","meta":[],"product_cat":[19],"product_tag":[],"class_list":["post-1194","product","type-product","status-publish","has-post-thumbnail","hentry","product_cat-lenceria"],"_links":{"self":[{"href":"https:\/\/maifrens.com\/index.php\/wp-json\/wp\/v2\/product\/1194","targetHints":{"allow":["GET"]}}],"collection":[{"href":"https:\/\/maifrens.com\/index.php\/wp-json\/wp\/v2\/product"}],"about":[{"href":"https:\/\/maifrens.com\/index.php\/wp-json\/wp\/v2\/types\/product"}],"replies":[{"embeddable":true,"href":"https:\/\/maifrens.com\/index.php\/wp-json\/wp\/v2\/comments?post=1194"}],"wp:featuredmedia":[{"embeddable":true,"href":"https:\/\/maifrens.com\/index.php\/wp-json\/wp\/v2\/media\/1196"}],"wp:attachment":[{"href":"https:\/\/maifrens.com\/index.php\/wp-json\/wp\/v2\/media?parent=1194"}],"wp:term":[{"taxonomy":"product_cat","embeddable":true,"href":"https:\/\/maifrens.com\/index.php\/wp-json\/wp\/v2\/product_cat?post=1194"},{"taxonomy":"product_tag","embeddable":true,"href":"https:\/\/maifrens.com\/index.php\/wp-json\/wp\/v2\/product_tag?post=1194"}],"curies":[{"name":"wp","href":"https:\/\/api.w.org\/{rel}","templated":true}]}}