{"id":1201,"date":"2024-07-28T16:00:35","date_gmt":"2024-07-28T16:00:35","guid":{"rendered":"https:\/\/maifrens.com\/?post_type=product&#038;p=1201"},"modified":"2024-07-28T17:58:39","modified_gmt":"2024-07-28T17:58:39","slug":"conjunto-2pz-para-dama","status":"publish","type":"product","link":"https:\/\/maifrens.com\/index.php\/producto\/conjunto-2pz-para-dama\/","title":{"rendered":"CONJUNTO 2PZ PARA DAMA"},"content":{"rendered":"<ul>\n<li>CONJUNTO DE DAMA<\/li>\n<li>DOS PRENDAS<\/li>\n<li>TOP CORTO CON MO\u00d1O EN LA PARTE DE ENMEDIO<\/li>\n<li>SHORT CORTO<\/li>\n<li>DISE\u00d1O DE LINEAS VERTICALES<\/li>\n<li>DISTINTOS TONOS<\/li>\n<li>CUELLO ESTILO HERRADURA<\/li>\n<\/ul>\n<p>&nbsp;<\/p>\n<p>POR EL MOMENTO S\u00d3LO EXISTENCIA EN TIENDAS<\/p>\n","protected":false},"excerpt":{"rendered":"<p>CONJUNTO DE DAMA DOS PRENDAS TOP CORTO CON MO\u00d1O EN LA PARTE DE ENMEDIO SHORT CORTO DISE\u00d1O DE LINEAS VERTICALES DISTINTOS TONOS CUELLO ESTILO HERRADURA &nbsp; POR EL MOMENTO S\u00d3LO EXISTENCIA EN TIENDAS<\/p>\n","protected":false},"featured_media":1220,"comment_status":"open","ping_status":"closed","template":"","meta":[],"product_cat":[18],"product_tag":[],"class_list":["post-1201","product","type-product","status-publish","has-post-thumbnail","hentry","product_cat-damas"],"_links":{"self":[{"href":"https:\/\/maifrens.com\/index.php\/wp-json\/wp\/v2\/product\/1201","targetHints":{"allow":["GET"]}}],"collection":[{"href":"https:\/\/maifrens.com\/index.php\/wp-json\/wp\/v2\/product"}],"about":[{"href":"https:\/\/maifrens.com\/index.php\/wp-json\/wp\/v2\/types\/product"}],"replies":[{"embeddable":true,"href":"https:\/\/maifrens.com\/index.php\/wp-json\/wp\/v2\/comments?post=1201"}],"wp:featuredmedia":[{"embeddable":true,"href":"https:\/\/maifrens.com\/index.php\/wp-json\/wp\/v2\/media\/1220"}],"wp:attachment":[{"href":"https:\/\/maifrens.com\/index.php\/wp-json\/wp\/v2\/media?parent=1201"}],"wp:term":[{"taxonomy":"product_cat","embeddable":true,"href":"https:\/\/maifrens.com\/index.php\/wp-json\/wp\/v2\/product_cat?post=1201"},{"taxonomy":"product_tag","embeddable":true,"href":"https:\/\/maifrens.com\/index.php\/wp-json\/wp\/v2\/product_tag?post=1201"}],"curies":[{"name":"wp","href":"https:\/\/api.w.org\/{rel}","templated":true}]}}