{"id":1375,"date":"2024-08-28T17:34:56","date_gmt":"2024-08-28T17:34:56","guid":{"rendered":"https:\/\/maifrens.com\/?post_type=product&#038;p=1375"},"modified":"2024-08-28T17:34:56","modified_gmt":"2024-08-28T17:34:56","slug":"pantaleta-3","status":"publish","type":"product","link":"https:\/\/maifrens.com\/index.php\/producto\/pantaleta-3\/","title":{"rendered":"PANTALETA"},"content":{"rendered":"<ul>\n<li>DISE\u00d1O LISO<\/li>\n<li>SIN COSTURAS<\/li>\n<li>CINTURA MEDIA<\/li>\n<li>COMPOSICI\u00d3N: POLIAMIDA Y SPANDEX<\/li>\n<\/ul>\n<p>&nbsp;<\/p>\n<p>POR EL MOMENTO S\u00d3LO EXISTENCIA EN TIENDAS<\/p>\n","protected":false},"excerpt":{"rendered":"<p>DISE\u00d1O LISO SIN COSTURAS CINTURA MEDIA COMPOSICI\u00d3N: POLIAMIDA Y SPANDEX &nbsp; POR EL MOMENTO S\u00d3LO EXISTENCIA EN TIENDAS<\/p>\n","protected":false},"featured_media":1397,"comment_status":"open","ping_status":"closed","template":"","meta":[],"product_cat":[19],"product_tag":[],"class_list":["post-1375","product","type-product","status-publish","has-post-thumbnail","hentry","product_cat-lenceria"],"_links":{"self":[{"href":"https:\/\/maifrens.com\/index.php\/wp-json\/wp\/v2\/product\/1375","targetHints":{"allow":["GET"]}}],"collection":[{"href":"https:\/\/maifrens.com\/index.php\/wp-json\/wp\/v2\/product"}],"about":[{"href":"https:\/\/maifrens.com\/index.php\/wp-json\/wp\/v2\/types\/product"}],"replies":[{"embeddable":true,"href":"https:\/\/maifrens.com\/index.php\/wp-json\/wp\/v2\/comments?post=1375"}],"wp:featuredmedia":[{"embeddable":true,"href":"https:\/\/maifrens.com\/index.php\/wp-json\/wp\/v2\/media\/1397"}],"wp:attachment":[{"href":"https:\/\/maifrens.com\/index.php\/wp-json\/wp\/v2\/media?parent=1375"}],"wp:term":[{"taxonomy":"product_cat","embeddable":true,"href":"https:\/\/maifrens.com\/index.php\/wp-json\/wp\/v2\/product_cat?post=1375"},{"taxonomy":"product_tag","embeddable":true,"href":"https:\/\/maifrens.com\/index.php\/wp-json\/wp\/v2\/product_tag?post=1375"}],"curies":[{"name":"wp","href":"https:\/\/api.w.org\/{rel}","templated":true}]}}