{"id":1398,"date":"2024-08-28T23:52:36","date_gmt":"2024-08-28T23:52:36","guid":{"rendered":"https:\/\/maifrens.com\/?post_type=product&#038;p=1398"},"modified":"2024-08-28T23:52:36","modified_gmt":"2024-08-28T23:52:36","slug":"short-falda","status":"publish","type":"product","link":"https:\/\/maifrens.com\/index.php\/producto\/short-falda\/","title":{"rendered":"SHORT FALDA"},"content":{"rendered":"<ul>\n<li>TELA CON BRILLO PEQUE\u00d1O<\/li>\n<li>DECORACI\u00d3N DE EVILLA EN BOLSAS<\/li>\n<li>PLISADA<\/li>\n<li>IMITACI\u00d3N DE BOLSAS FRONTALES<\/li>\n<\/ul>\n<p>&nbsp;<\/p>\n<p>POR EL MOMENTO S\u00d3LO EXISTENCIA EN TIENDAS<\/p>\n","protected":false},"excerpt":{"rendered":"<p>TELA CON BRILLO PEQUE\u00d1O DECORACI\u00d3N DE EVILLA EN BOLSAS PLISADA IMITACI\u00d3N DE BOLSAS FRONTALES &nbsp; POR EL MOMENTO S\u00d3LO EXISTENCIA EN TIENDAS<\/p>\n","protected":false},"featured_media":1411,"comment_status":"open","ping_status":"closed","template":"","meta":[],"product_cat":[18],"product_tag":[],"class_list":["post-1398","product","type-product","status-publish","has-post-thumbnail","hentry","product_cat-damas"],"_links":{"self":[{"href":"https:\/\/maifrens.com\/index.php\/wp-json\/wp\/v2\/product\/1398","targetHints":{"allow":["GET"]}}],"collection":[{"href":"https:\/\/maifrens.com\/index.php\/wp-json\/wp\/v2\/product"}],"about":[{"href":"https:\/\/maifrens.com\/index.php\/wp-json\/wp\/v2\/types\/product"}],"replies":[{"embeddable":true,"href":"https:\/\/maifrens.com\/index.php\/wp-json\/wp\/v2\/comments?post=1398"}],"wp:featuredmedia":[{"embeddable":true,"href":"https:\/\/maifrens.com\/index.php\/wp-json\/wp\/v2\/media\/1411"}],"wp:attachment":[{"href":"https:\/\/maifrens.com\/index.php\/wp-json\/wp\/v2\/media?parent=1398"}],"wp:term":[{"taxonomy":"product_cat","embeddable":true,"href":"https:\/\/maifrens.com\/index.php\/wp-json\/wp\/v2\/product_cat?post=1398"},{"taxonomy":"product_tag","embeddable":true,"href":"https:\/\/maifrens.com\/index.php\/wp-json\/wp\/v2\/product_tag?post=1398"}],"curies":[{"name":"wp","href":"https:\/\/api.w.org\/{rel}","templated":true}]}}