{"id":1489,"date":"2024-09-10T23:11:37","date_gmt":"2024-09-10T23:11:37","guid":{"rendered":"https:\/\/maifrens.com\/?post_type=product&#038;p=1489"},"modified":"2024-09-10T23:11:37","modified_gmt":"2024-09-10T23:11:37","slug":"pantaleta-5","status":"publish","type":"product","link":"https:\/\/maifrens.com\/index.php\/producto\/pantaleta-5\/","title":{"rendered":"PANTALETA"},"content":{"rendered":"<ul>\n<li>BASTILLA INVISIBLE<\/li>\n<li>TELA SUABE<\/li>\n<li>DISE\u00d1O DE HOJAS<\/li>\n<li>AREA DEL PUENTE DE ALGOD\u00d3N<\/li>\n<li>PEFECTO PARA ROPA AJUSTADA<\/li>\n<\/ul>\n<p>&nbsp;<\/p>\n<p>&nbsp;<\/p>\n<p>POR EL MOMENTO S\u00d3LO EXISTENCIA EN TIENDAS<\/p>\n","protected":false},"excerpt":{"rendered":"<p>BASTILLA INVISIBLE TELA SUABE DISE\u00d1O DE HOJAS AREA DEL PUENTE DE ALGOD\u00d3N PEFECTO PARA ROPA AJUSTADA &nbsp; &nbsp; POR EL MOMENTO S\u00d3LO EXISTENCIA EN TIENDAS<\/p>\n","protected":false},"featured_media":1508,"comment_status":"open","ping_status":"closed","template":"","meta":[],"product_cat":[19],"product_tag":[],"class_list":["post-1489","product","type-product","status-publish","has-post-thumbnail","hentry","product_cat-lenceria"],"_links":{"self":[{"href":"https:\/\/maifrens.com\/index.php\/wp-json\/wp\/v2\/product\/1489","targetHints":{"allow":["GET"]}}],"collection":[{"href":"https:\/\/maifrens.com\/index.php\/wp-json\/wp\/v2\/product"}],"about":[{"href":"https:\/\/maifrens.com\/index.php\/wp-json\/wp\/v2\/types\/product"}],"replies":[{"embeddable":true,"href":"https:\/\/maifrens.com\/index.php\/wp-json\/wp\/v2\/comments?post=1489"}],"wp:featuredmedia":[{"embeddable":true,"href":"https:\/\/maifrens.com\/index.php\/wp-json\/wp\/v2\/media\/1508"}],"wp:attachment":[{"href":"https:\/\/maifrens.com\/index.php\/wp-json\/wp\/v2\/media?parent=1489"}],"wp:term":[{"taxonomy":"product_cat","embeddable":true,"href":"https:\/\/maifrens.com\/index.php\/wp-json\/wp\/v2\/product_cat?post=1489"},{"taxonomy":"product_tag","embeddable":true,"href":"https:\/\/maifrens.com\/index.php\/wp-json\/wp\/v2\/product_tag?post=1489"}],"curies":[{"name":"wp","href":"https:\/\/api.w.org\/{rel}","templated":true}]}}