{"id":1540,"date":"2024-10-13T02:16:16","date_gmt":"2024-10-13T02:16:16","guid":{"rendered":"https:\/\/maifrens.com\/?post_type=product&#038;p=1540"},"modified":"2024-10-13T02:17:17","modified_gmt":"2024-10-13T02:17:17","slug":"pantaleta-6","status":"publish","type":"product","link":"https:\/\/maifrens.com\/index.php\/producto\/pantaleta-6\/","title":{"rendered":"PANTALETA"},"content":{"rendered":"<ul>\n<li>VASTILLA INVISIBLE<\/li>\n<li>COMODIDAD\/CONFORT<\/li>\n<li>DISE\u00d1O LISO CON OLAN EN ENTREPIERNA<\/li>\n<li>TIRO MEDIO<\/li>\n<li>MATERIAL DE ALGOD\u00d3N PARA LA PARTE INTIMA<\/li>\n<\/ul>\n<p>&nbsp;<\/p>\n<p>POR EL MOMENTO S\u00d3LO EXISTENCIA EN TINEDAS<\/p>\n","protected":false},"excerpt":{"rendered":"<p>VASTILLA INVISIBLE COMODIDAD\/CONFORT DISE\u00d1O LISO CON OLAN EN ENTREPIERNA TIRO MEDIO MATERIAL DE ALGOD\u00d3N PARA LA PARTE INTIMA &nbsp; POR EL MOMENTO S\u00d3LO EXISTENCIA EN TINEDAS<\/p>\n","protected":false},"featured_media":1538,"comment_status":"open","ping_status":"closed","template":"","meta":[],"product_cat":[19],"product_tag":[],"class_list":["post-1540","product","type-product","status-publish","has-post-thumbnail","hentry","product_cat-lenceria"],"_links":{"self":[{"href":"https:\/\/maifrens.com\/index.php\/wp-json\/wp\/v2\/product\/1540","targetHints":{"allow":["GET"]}}],"collection":[{"href":"https:\/\/maifrens.com\/index.php\/wp-json\/wp\/v2\/product"}],"about":[{"href":"https:\/\/maifrens.com\/index.php\/wp-json\/wp\/v2\/types\/product"}],"replies":[{"embeddable":true,"href":"https:\/\/maifrens.com\/index.php\/wp-json\/wp\/v2\/comments?post=1540"}],"wp:featuredmedia":[{"embeddable":true,"href":"https:\/\/maifrens.com\/index.php\/wp-json\/wp\/v2\/media\/1538"}],"wp:attachment":[{"href":"https:\/\/maifrens.com\/index.php\/wp-json\/wp\/v2\/media?parent=1540"}],"wp:term":[{"taxonomy":"product_cat","embeddable":true,"href":"https:\/\/maifrens.com\/index.php\/wp-json\/wp\/v2\/product_cat?post=1540"},{"taxonomy":"product_tag","embeddable":true,"href":"https:\/\/maifrens.com\/index.php\/wp-json\/wp\/v2\/product_tag?post=1540"}],"curies":[{"name":"wp","href":"https:\/\/api.w.org\/{rel}","templated":true}]}}