{"id":845,"date":"2024-04-17T17:39:32","date_gmt":"2024-04-17T17:39:32","guid":{"rendered":"https:\/\/maifrens.com\/?post_type=product&#038;p=845"},"modified":"2024-04-17T17:39:32","modified_gmt":"2024-04-17T17:39:32","slug":"playera-para-nino-3","status":"publish","type":"product","link":"https:\/\/maifrens.com\/index.php\/producto\/playera-para-nino-3\/","title":{"rendered":"Playera para ni\u00f1o"},"content":{"rendered":"<ul>\n<li>Playera para ni\u00f1o<\/li>\n<li>Con dise\u00f1o de diferentes colores<\/li>\n<li>Playera con cuello redondo<\/li>\n<li style=\"text-align: left;\">Tela de algod\u00f3n<\/li>\n<\/ul>\n<p>POR EL MOMENTO SOLO EN EXISTENCIA EN LINEA<\/p>\n","protected":false},"excerpt":{"rendered":"<p>Playera para ni\u00f1o Con dise\u00f1o de diferentes colores Playera con cuello redondo Tela de algod\u00f3n POR EL MOMENTO SOLO EN EXISTENCIA EN LINEA<\/p>\n","protected":false},"featured_media":888,"comment_status":"open","ping_status":"closed","template":"","meta":[],"product_cat":[20],"product_tag":[],"class_list":["post-845","product","type-product","status-publish","has-post-thumbnail","hentry","product_cat-ninos"],"_links":{"self":[{"href":"https:\/\/maifrens.com\/index.php\/wp-json\/wp\/v2\/product\/845","targetHints":{"allow":["GET"]}}],"collection":[{"href":"https:\/\/maifrens.com\/index.php\/wp-json\/wp\/v2\/product"}],"about":[{"href":"https:\/\/maifrens.com\/index.php\/wp-json\/wp\/v2\/types\/product"}],"replies":[{"embeddable":true,"href":"https:\/\/maifrens.com\/index.php\/wp-json\/wp\/v2\/comments?post=845"}],"wp:featuredmedia":[{"embeddable":true,"href":"https:\/\/maifrens.com\/index.php\/wp-json\/wp\/v2\/media\/888"}],"wp:attachment":[{"href":"https:\/\/maifrens.com\/index.php\/wp-json\/wp\/v2\/media?parent=845"}],"wp:term":[{"taxonomy":"product_cat","embeddable":true,"href":"https:\/\/maifrens.com\/index.php\/wp-json\/wp\/v2\/product_cat?post=845"},{"taxonomy":"product_tag","embeddable":true,"href":"https:\/\/maifrens.com\/index.php\/wp-json\/wp\/v2\/product_tag?post=845"}],"curies":[{"name":"wp","href":"https:\/\/api.w.org\/{rel}","templated":true}]}}